{"id":300,"date":"2015-07-23T22:59:00","date_gmt":"2015-07-23T20:59:00","guid":{"rendered":"http:\/\/climbingenglish.com\/ca\/?page_id=300"},"modified":"2022-03-01T10:15:50","modified_gmt":"2022-03-01T09:15:50","slug":"contacte","status":"publish","type":"page","link":"https:\/\/climbingenglish.com\/ca\/contacte\/","title":{"rendered":"Contacte"},"content":{"rendered":"<p>[et_pb_section bb_built=&#8221;1&#8243; admin_label=&#8221;section&#8221; fullwidth=&#8221;off&#8221; inner_width=&#8221;auto&#8221; inner_max_width=&#8221;none&#8221; next_background_color=&#8221;#000000&#8243;][et_pb_row admin_label=&#8221;row&#8221; background_position=&#8221;top_left&#8221; background_repeat=&#8221;repeat&#8221; background_size=&#8221;initial&#8221; width=&#8221;80%&#8221; max_width=&#8221;1080px&#8221;][et_pb_column type=&#8221;1_3&#8243; custom_padding__hover=&#8221;|||&#8221; custom_padding=&#8221;|||&#8221;][et_pb_image src=&#8221;http:\/\/climbingenglish.com\/ca\/wp-content\/uploads\/sites\/5\/2015\/07\/Logo-Climbing-web.jpg&#8221; show_in_lightbox=&#8221;off&#8221; url_new_window=&#8221;off&#8221; animation=&#8221;left&#8221; sticky=&#8221;off&#8221; align=&#8221;left&#8221; force_fullwidth=&#8221;off&#8221; always_center_on_mobile=&#8221;on&#8221; use_border_color=&#8221;off&#8221; border_color=&#8221;#ffffff&#8221; border_style=&#8221;solid&#8221; animation_direction=&#8221;left&#8221; animation_style=&#8221;slide&#8221; animation_duration=&#8221;500ms&#8221; animation_intensity_slide=&#8221;10%&#8221; show_bottom_space=&#8221;on&#8221; align_last_edited=&#8221;on|desktop&#8221; align_tablet=&#8221;center&#8221; \/][\/et_pb_column][et_pb_column type=&#8221;1_3&#8243; custom_padding__hover=&#8221;|||&#8221; custom_padding=&#8221;|||&#8221;][et_pb_text text_orientation=&#8221;center&#8221; module_alignment=&#8221;center&#8221; background_position=&#8221;top_left&#8221; background_repeat=&#8221;repeat&#8221; background_size=&#8221;initial&#8221; _builder_version=&#8221;4.14.7&#8243; text_text_shadow_horizontal_length=&#8221;text_text_shadow_style,%91object Object%93&#8243; text_text_shadow_vertical_length=&#8221;text_text_shadow_style,%91object Object%93&#8243; text_text_shadow_blur_strength=&#8221;text_text_shadow_style,%91object Object%93&#8243; link_text_shadow_horizontal_length=&#8221;link_text_shadow_style,%91object Object%93&#8243; link_text_shadow_vertical_length=&#8221;link_text_shadow_style,%91object Object%93&#8243; link_text_shadow_blur_strength=&#8221;link_text_shadow_style,%91object Object%93&#8243; ul_text_shadow_horizontal_length=&#8221;ul_text_shadow_style,%91object Object%93&#8243; ul_text_shadow_vertical_length=&#8221;ul_text_shadow_style,%91object Object%93&#8243; ul_text_shadow_blur_strength=&#8221;ul_text_shadow_style,%91object Object%93&#8243; ol_text_shadow_horizontal_length=&#8221;ol_text_shadow_style,%91object Object%93&#8243; ol_text_shadow_vertical_length=&#8221;ol_text_shadow_style,%91object Object%93&#8243; ol_text_shadow_blur_strength=&#8221;ol_text_shadow_style,%91object Object%93&#8243; quote_text_shadow_horizontal_length=&#8221;quote_text_shadow_style,%91object Object%93&#8243; quote_text_shadow_vertical_length=&#8221;quote_text_shadow_style,%91object Object%93&#8243; quote_text_shadow_blur_strength=&#8221;quote_text_shadow_style,%91object Object%93&#8243; header_text_shadow_horizontal_length=&#8221;header_text_shadow_style,%91object Object%93&#8243; header_text_shadow_vertical_length=&#8221;header_text_shadow_style,%91object Object%93&#8243; header_text_shadow_blur_strength=&#8221;header_text_shadow_style,%91object Object%93&#8243; header_2_text_shadow_horizontal_length=&#8221;header_2_text_shadow_style,%91object Object%93&#8243; header_2_text_shadow_vertical_length=&#8221;header_2_text_shadow_style,%91object Object%93&#8243; header_2_text_shadow_blur_strength=&#8221;header_2_text_shadow_style,%91object Object%93&#8243; header_3_text_shadow_horizontal_length=&#8221;header_3_text_shadow_style,%91object Object%93&#8243; header_3_text_shadow_vertical_length=&#8221;header_3_text_shadow_style,%91object Object%93&#8243; header_3_text_shadow_blur_strength=&#8221;header_3_text_shadow_style,%91object Object%93&#8243; header_4_text_shadow_horizontal_length=&#8221;header_4_text_shadow_style,%91object Object%93&#8243; header_4_text_shadow_vertical_length=&#8221;header_4_text_shadow_style,%91object Object%93&#8243; header_4_text_shadow_blur_strength=&#8221;header_4_text_shadow_style,%91object Object%93&#8243; header_5_text_shadow_horizontal_length=&#8221;header_5_text_shadow_style,%91object Object%93&#8243; header_5_text_shadow_vertical_length=&#8221;header_5_text_shadow_style,%91object Object%93&#8243; header_5_text_shadow_blur_strength=&#8221;header_5_text_shadow_style,%91object Object%93&#8243; header_6_text_shadow_horizontal_length=&#8221;header_6_text_shadow_style,%91object Object%93&#8243; header_6_text_shadow_vertical_length=&#8221;header_6_text_shadow_style,%91object Object%93&#8243; header_6_text_shadow_blur_strength=&#8221;header_6_text_shadow_style,%91object Object%93&#8243; z_index_tablet=&#8221;500&#8243; box_shadow_horizontal_tablet=&#8221;0px&#8221; box_shadow_vertical_tablet=&#8221;0px&#8221; box_shadow_blur_tablet=&#8221;40px&#8221; box_shadow_spread_tablet=&#8221;0px&#8221; vertical_offset_tablet=&#8221;0&#8243; horizontal_offset_tablet=&#8221;0&#8243;]<\/p>\n<p>\u00a0<\/p>\n<p><strong>Climbing English Centre<\/strong><\/p>\n<p>Avda. Periodista Rodolfo Salazar, 44<br \/>03012 Alacant<\/p>\n<p>Tel\u00e8fon i WhatsApp: 966 38 40 39<\/p>\n<p>Horari d&#8217;atenci\u00f3 al p\u00fablic:<br \/>de dilluns a dijous de 16:00 h a 20:15 h<br \/>divendres de 16:00 h a 19:15 h<\/p>\n<p>[\/et_pb_text][\/et_pb_column][et_pb_column type=&#8221;1_3&#8243; custom_padding__hover=&#8221;|||&#8221; custom_padding=&#8221;|||&#8221;][et_pb_contact_form captcha=&#8221;on&#8221; title=&#8221;Contacta amb nosaltres&#8221; email=&#8221;info@climbingenglish.com&#8221; use_border_color=&#8221;off&#8221; border_color=&#8221;#ffffff&#8221; border_style=&#8221;solid&#8221; custom_button=&#8221;off&#8221; button_letter_spacing=&#8221;0&#8243; button_use_icon=&#8221;default&#8221; button_icon_placement=&#8221;right&#8221; button_on_hover=&#8221;on&#8221; button_letter_spacing_hover=&#8221;0&#8243; title_font=&#8221;Amatic SC|on|||&#8221; title_font_size=&#8221;30&#8243; border_radii=&#8221;on||||&#8221; \/][\/et_pb_column][\/et_pb_row][\/et_pb_section][et_pb_section bb_built=&#8221;1&#8243; admin_label=&#8221;section&#8221; fullwidth=&#8221;on&#8221; specialty=&#8221;off&#8221; inner_width=&#8221;auto&#8221; inner_max_width=&#8221;none&#8221; prev_background_color=&#8221;#000000&#8243;][et_pb_fullwidth_map zoom_level=&#8221;15&#8243; address_lat=&#8221;38.3610649706251&#8243; address_lng=&#8221;-0.476148796295206&#8243; address=&#8221;Climbing English Centre, 03012 Alacant, Alicante, Espa\u00f1a&#8221; mouse_wheel=&#8221;off&#8221; _builder_version=&#8221;3.22.7&#8243; z_index_tablet=&#8221;500&#8243;][et_pb_map_pin title=&#8221;Climbing English Centre&#8221; pin_address=&#8221;Climbing English Centre, 03012 Alacant, Alicante, Espa\u00f1a&#8221; pin_address_lat=&#8221;38.361351&#8243; pin_address_lng=&#8221;-0.47629900000004&#8243; \/][\/et_pb_fullwidth_map][\/et_pb_section]<\/p>\n","protected":false},"excerpt":{"rendered":"<p>\u00a0Climbing English CentreAvda. Periodista Rodolfo Salazar, 4403012 AlacantTel\u00e8fon i WhatsApp: 966 38 40 39Horari d&#8217;atenci\u00f3 al p\u00fablic:de dilluns a dijous de 16:00 h a 20:15 hdivendres de 16:00 h a 19:15 h<\/p>\n","protected":false},"author":1,"featured_media":0,"parent":0,"menu_order":5,"comment_status":"open","ping_status":"open","template":"","meta":{"_et_pb_use_builder":"on","_et_pb_old_content":"","_et_gb_content_width":""},"yoast_head":"<!-- This site is optimized with the Yoast SEO plugin v18.8 - https:\/\/yoast.com\/wordpress\/plugins\/seo\/ -->\n<title>Contacte - Climbing English<\/title>\n<meta name=\"robots\" content=\"index, follow, max-snippet:-1, max-image-preview:large, max-video-preview:-1\" \/>\n<link rel=\"canonical\" href=\"https:\/\/climbingenglish.com\/ca\/contacte\/\" \/>\n<meta property=\"og:locale\" content=\"ca_ES\" \/>\n<meta property=\"og:type\" content=\"article\" \/>\n<meta property=\"og:title\" content=\"Contacte - Climbing English\" \/>\n<meta property=\"og:description\" content=\"\u00a0Climbing English CentreAvda. Periodista Rodolfo Salazar, 4403012 AlacantTel\u00e8fon i WhatsApp: 966 38 40 39Horari d&#039;atenci\u00f3 al p\u00fablic:de dilluns a dijous de 16:00 h a 20:15 hdivendres de 16:00 h a 19:15 h\" \/>\n<meta property=\"og:url\" content=\"https:\/\/climbingenglish.com\/ca\/contacte\/\" \/>\n<meta property=\"og:site_name\" content=\"Climbing English\" \/>\n<meta property=\"article:publisher\" content=\"https:\/\/www.facebook.com\/pages\/Climbing-English-Centre\/801608893201121\" \/>\n<meta property=\"article:modified_time\" content=\"2022-03-01T09:15:50+00:00\" \/>\n<meta name=\"twitter:card\" content=\"summary\" \/>\n<meta name=\"twitter:site\" content=\"@ClimbingEnglish\" \/>\n<meta name=\"twitter:label1\" content=\"Temps estimat de lectura\" \/>\n\t<meta name=\"twitter:data1\" content=\"4 minuts\" \/>\n<script type=\"application\/ld+json\" class=\"yoast-schema-graph\">{\"@context\":\"https:\/\/schema.org\",\"@graph\":[{\"@type\":\"WebSite\",\"@id\":\"https:\/\/climbingenglish.com\/ca\/#website\",\"url\":\"https:\/\/climbingenglish.com\/ca\/\",\"name\":\"Climbing English\",\"description\":\"La teua acad\u00e8mia d&#039;angl\u00e8s a Alacant\",\"potentialAction\":[{\"@type\":\"SearchAction\",\"target\":{\"@type\":\"EntryPoint\",\"urlTemplate\":\"https:\/\/climbingenglish.com\/ca\/?s={search_term_string}\"},\"query-input\":\"required name=search_term_string\"}],\"inLanguage\":\"ca\"},{\"@type\":\"WebPage\",\"@id\":\"https:\/\/climbingenglish.com\/ca\/contacte\/#webpage\",\"url\":\"https:\/\/climbingenglish.com\/ca\/contacte\/\",\"name\":\"Contacte - Climbing English\",\"isPartOf\":{\"@id\":\"https:\/\/climbingenglish.com\/ca\/#website\"},\"datePublished\":\"2015-07-23T20:59:00+00:00\",\"dateModified\":\"2022-03-01T09:15:50+00:00\",\"breadcrumb\":{\"@id\":\"https:\/\/climbingenglish.com\/ca\/contacte\/#breadcrumb\"},\"inLanguage\":\"ca\",\"potentialAction\":[{\"@type\":\"ReadAction\",\"target\":[\"https:\/\/climbingenglish.com\/ca\/contacte\/\"]}]},{\"@type\":\"BreadcrumbList\",\"@id\":\"https:\/\/climbingenglish.com\/ca\/contacte\/#breadcrumb\",\"itemListElement\":[{\"@type\":\"ListItem\",\"position\":1,\"name\":\"Portada\",\"item\":\"https:\/\/climbingenglish.com\/ca\/\"},{\"@type\":\"ListItem\",\"position\":2,\"name\":\"Contacte\"}]}]}<\/script>\n<!-- \/ Yoast SEO plugin. -->","yoast_head_json":{"title":"Contacte - Climbing English","robots":{"index":"index","follow":"follow","max-snippet":"max-snippet:-1","max-image-preview":"max-image-preview:large","max-video-preview":"max-video-preview:-1"},"canonical":"https:\/\/climbingenglish.com\/ca\/contacte\/","og_locale":"ca_ES","og_type":"article","og_title":"Contacte - Climbing English","og_description":"\u00a0Climbing English CentreAvda. Periodista Rodolfo Salazar, 4403012 AlacantTel\u00e8fon i WhatsApp: 966 38 40 39Horari d'atenci\u00f3 al p\u00fablic:de dilluns a dijous de 16:00 h a 20:15 hdivendres de 16:00 h a 19:15 h","og_url":"https:\/\/climbingenglish.com\/ca\/contacte\/","og_site_name":"Climbing English","article_publisher":"https:\/\/www.facebook.com\/pages\/Climbing-English-Centre\/801608893201121","article_modified_time":"2022-03-01T09:15:50+00:00","twitter_card":"summary","twitter_site":"@ClimbingEnglish","twitter_misc":{"Temps estimat de lectura":"4 minuts"},"schema":{"@context":"https:\/\/schema.org","@graph":[{"@type":"WebSite","@id":"https:\/\/climbingenglish.com\/ca\/#website","url":"https:\/\/climbingenglish.com\/ca\/","name":"Climbing English","description":"La teua acad\u00e8mia d&#039;angl\u00e8s a Alacant","potentialAction":[{"@type":"SearchAction","target":{"@type":"EntryPoint","urlTemplate":"https:\/\/climbingenglish.com\/ca\/?s={search_term_string}"},"query-input":"required name=search_term_string"}],"inLanguage":"ca"},{"@type":"WebPage","@id":"https:\/\/climbingenglish.com\/ca\/contacte\/#webpage","url":"https:\/\/climbingenglish.com\/ca\/contacte\/","name":"Contacte - Climbing English","isPartOf":{"@id":"https:\/\/climbingenglish.com\/ca\/#website"},"datePublished":"2015-07-23T20:59:00+00:00","dateModified":"2022-03-01T09:15:50+00:00","breadcrumb":{"@id":"https:\/\/climbingenglish.com\/ca\/contacte\/#breadcrumb"},"inLanguage":"ca","potentialAction":[{"@type":"ReadAction","target":["https:\/\/climbingenglish.com\/ca\/contacte\/"]}]},{"@type":"BreadcrumbList","@id":"https:\/\/climbingenglish.com\/ca\/contacte\/#breadcrumb","itemListElement":[{"@type":"ListItem","position":1,"name":"Portada","item":"https:\/\/climbingenglish.com\/ca\/"},{"@type":"ListItem","position":2,"name":"Contacte"}]}]}},"_links":{"self":[{"href":"https:\/\/climbingenglish.com\/ca\/wp-json\/wp\/v2\/pages\/300"}],"collection":[{"href":"https:\/\/climbingenglish.com\/ca\/wp-json\/wp\/v2\/pages"}],"about":[{"href":"https:\/\/climbingenglish.com\/ca\/wp-json\/wp\/v2\/types\/page"}],"author":[{"embeddable":true,"href":"https:\/\/climbingenglish.com\/ca\/wp-json\/wp\/v2\/users\/1"}],"replies":[{"embeddable":true,"href":"https:\/\/climbingenglish.com\/ca\/wp-json\/wp\/v2\/comments?post=300"}],"version-history":[{"count":23,"href":"https:\/\/climbingenglish.com\/ca\/wp-json\/wp\/v2\/pages\/300\/revisions"}],"predecessor-version":[{"id":1247,"href":"https:\/\/climbingenglish.com\/ca\/wp-json\/wp\/v2\/pages\/300\/revisions\/1247"}],"wp:attachment":[{"href":"https:\/\/climbingenglish.com\/ca\/wp-json\/wp\/v2\/media?parent=300"}],"curies":[{"name":"wp","href":"https:\/\/api.w.org\/{rel}","templated":true}]}}